{"id":475,"date":"2023-01-18T21:17:35","date_gmt":"2023-01-19T03:17:35","guid":{"rendered":"https:\/\/jeudisfranco.com\/about\/"},"modified":"2024-06-17T09:35:03","modified_gmt":"2024-06-17T14:35:03","slug":"a-propos","status":"publish","type":"page","link":"https:\/\/jeudisfranco.com\/fr-ca\/a-propos\/","title":{"rendered":"\u00c0 propos"},"content":{"rendered":"<p><strong>Jeudis Franco Thursdays<\/strong> est une s\u00e9rie d&rsquo;\u00e9v\u00e9nements culturels dynamiques qui se d\u00e9roulent tous les jeudis de juin \u00e0 ao\u00fbt dans le quartier de Saint-Boniface \u00e0 Winnipeg, au Manitoba. Cette c\u00e9l\u00e9bration de la culture et de la langue fran\u00e7aise propose une gamme vari\u00e9e d&rsquo;activit\u00e9s, notamment un march\u00e9 d\u2019\u00e9t\u00e9, de la musique, des projections de films, des expositions d&rsquo;art, etc.<\/p>\n<p>Les \u00e9v\u00e9nements ont lieu \u00e0 divers endroits dans la r\u00e9gion de Saint-Boniface, permettant aux visiteurs d&rsquo;explorer et de d\u00e9couvrir la riche histoire et le patrimoine culturel de cette charmante communaut\u00e9. Jeudis Franco Thursdays offre une exp\u00e9rience immersive qui c\u00e9l\u00e8bre la diversit\u00e9 de la culture francophone.<\/p>\n<p>Que vous soyez francophile ou simplement curieux d&rsquo;explorer une nouvelle culture, Jeudis Franco Thursdays offrent quelque chose pour tout le monde. Venez participer aux festivit\u00e9s et d\u00e9couvrir les nombreuses merveilles de la culture francophone au c\u0153ur de Winnipeg.<\/p>\n<p><em>Une initiative du CDEM et Tourisme Riel<\/em><\/p>\n<h2><\/h2>\n<p>&nbsp;<\/p>\n<h2><strong>MERCI \u00c0 NOS PARTENAIRES<\/strong><\/h2>\n<p>D\u00e9veloppement \u00e9conomique Canada pour les Prairies (PrairiesCan), Patrimoine Canada et Voyage Manitoba contribuent au financement des Jeudis Franco Thursdays.<\/p>\n<p>D\u00e9veloppement \u00e9conomique Canada pour les Prairies (PrairiesCan) et le Secr\u00e9tariat aux affaires francophones ont contribu\u00e9 au financement de ce site internet.<\/p>\n<p>&nbsp;<\/p>\n<p><img loading=\"lazy\" decoding=\"async\" class=\"alignnone size-medium wp-image-484\" src=\"http:\/\/jeudisfranco.com\/wp-content\/uploads\/2023\/03\/wordmark_C.png-300x71.png\" alt=\"\" width=\"300\" height=\"71\" srcset=\"https:\/\/jeudisfranco.com\/wp-content\/uploads\/2023\/03\/wordmark_C.png-300x71.png 300w, https:\/\/jeudisfranco.com\/wp-content\/uploads\/2023\/03\/wordmark_C.png.png 470w\" sizes=\"auto, (max-width: 300px) 100vw, 300px\" \/><\/p>\n<p><img loading=\"lazy\" decoding=\"async\" class=\"alignnone size-medium wp-image-480\" src=\"http:\/\/jeudisfranco.com\/wp-content\/uploads\/2023\/03\/MB-GOV-NOUVEAU-LOGO-copy-300x58.gif\" alt=\"\" width=\"300\" height=\"58\" srcset=\"https:\/\/jeudisfranco.com\/wp-content\/uploads\/2023\/03\/MB-GOV-NOUVEAU-LOGO-copy-300x58.gif 300w, https:\/\/jeudisfranco.com\/wp-content\/uploads\/2023\/03\/MB-GOV-NOUVEAU-LOGO-copy-1024x199.gif 1024w, https:\/\/jeudisfranco.com\/wp-content\/uploads\/2023\/03\/MB-GOV-NOUVEAU-LOGO-copy-768x149.gif 768w, https:\/\/jeudisfranco.com\/wp-content\/uploads\/2023\/03\/MB-GOV-NOUVEAU-LOGO-copy-500x97.gif 500w, https:\/\/jeudisfranco.com\/wp-content\/uploads\/2023\/03\/MB-GOV-NOUVEAU-LOGO-copy-800x155.gif 800w, https:\/\/jeudisfranco.com\/wp-content\/uploads\/2023\/03\/MB-GOV-NOUVEAU-LOGO-copy-1280x249.gif 1280w\" sizes=\"auto, (max-width: 300px) 100vw, 300px\" \/><\/p>\n<p><img loading=\"lazy\" decoding=\"async\" class=\"alignnone size-medium wp-image-482\" src=\"http:\/\/jeudisfranco.com\/wp-content\/uploads\/2023\/03\/RGB_TravelMB_Logo-300x29.png\" alt=\"\" width=\"300\" height=\"29\" srcset=\"https:\/\/jeudisfranco.com\/wp-content\/uploads\/2023\/03\/RGB_TravelMB_Logo-300x29.png 300w, https:\/\/jeudisfranco.com\/wp-content\/uploads\/2023\/03\/RGB_TravelMB_Logo-1024x99.png 1024w, https:\/\/jeudisfranco.com\/wp-content\/uploads\/2023\/03\/RGB_TravelMB_Logo-768x74.png 768w, https:\/\/jeudisfranco.com\/wp-content\/uploads\/2023\/03\/RGB_TravelMB_Logo-500x48.png 500w, https:\/\/jeudisfranco.com\/wp-content\/uploads\/2023\/03\/RGB_TravelMB_Logo-800x77.png 800w, https:\/\/jeudisfranco.com\/wp-content\/uploads\/2023\/03\/RGB_TravelMB_Logo.png 1195w\" sizes=\"auto, (max-width: 300px) 100vw, 300px\" \/><\/p>\n","protected":false},"excerpt":{"rendered":"<p>Jeudis Franco Thursdays est une s\u00e9rie d&rsquo;\u00e9v\u00e9nements culturels dynamiques qui se d\u00e9roulent tous les jeudis de juin \u00e0 ao\u00fbt dans le quartier de Saint-Boniface \u00e0&hellip;<\/p>\n","protected":false},"author":1,"featured_media":0,"parent":0,"menu_order":0,"comment_status":"closed","ping_status":"closed","template":"","meta":{"_acf_changed":false,"_vp_format_video_url":"","_vp_image_focal_point":[],"footnotes":""},"class_list":["post-475","page","type-page","status-publish","hentry"],"acf":[],"_links":{"self":[{"href":"https:\/\/jeudisfranco.com\/fr-ca\/wp-json\/wp\/v2\/pages\/475","targetHints":{"allow":["GET"]}}],"collection":[{"href":"https:\/\/jeudisfranco.com\/fr-ca\/wp-json\/wp\/v2\/pages"}],"about":[{"href":"https:\/\/jeudisfranco.com\/fr-ca\/wp-json\/wp\/v2\/types\/page"}],"author":[{"embeddable":true,"href":"https:\/\/jeudisfranco.com\/fr-ca\/wp-json\/wp\/v2\/users\/1"}],"replies":[{"embeddable":true,"href":"https:\/\/jeudisfranco.com\/fr-ca\/wp-json\/wp\/v2\/comments?post=475"}],"version-history":[{"count":10,"href":"https:\/\/jeudisfranco.com\/fr-ca\/wp-json\/wp\/v2\/pages\/475\/revisions"}],"predecessor-version":[{"id":1016,"href":"https:\/\/jeudisfranco.com\/fr-ca\/wp-json\/wp\/v2\/pages\/475\/revisions\/1016"}],"wp:attachment":[{"href":"https:\/\/jeudisfranco.com\/fr-ca\/wp-json\/wp\/v2\/media?parent=475"}],"curies":[{"name":"wp","href":"https:\/\/api.w.org\/{rel}","templated":true}]}}